{"id":11,"date":"2022-04-29T19:39:23","date_gmt":"2022-04-29T16:39:23","guid":{"rendered":"http:\/\/www.serifetangurek.com\/?page_id=11"},"modified":"2025-09-29T20:00:18","modified_gmt":"2025-09-29T17:00:18","slug":"calismalarim-2","status":"publish","type":"page","link":"http:\/\/www.serifetangurek.com\/","title":{"rendered":"\u00c7al\u0131\u015fmalar\u0131m"},"content":{"rendered":"\n<h2>Tezhip Sanat\u0131<\/h2>\n\n\n\n<p>Tezhip; kendisi gibi kitap sanatlar\u0131ndan olan h\u00fcsn-i hat ve cilt sanatlar\u0131n\u0131 tamamlayarak onlara uyum ve g\u00fczellik kazand\u0131ran, bu sanatlarla kitaba nak\u0131\u015f ve renk harmonisi katan eski ve k\u00f6kl\u00fc geleneksel bir sanatt\u0131r. Tezhip s\u00f6zc\u00fc\u011f\u00fc Arap\u00e7a \u201czeheb\u201d yani alt\u0131n anlam\u0131na gelir ve her t\u00fcrl\u00fc boya ile yap\u0131lan ince kitap s\u00fcslemelerini kapsar. T\u00fcrk Tezhip Sanat\u0131\u2019n\u0131, alt\u0131n kullan\u0131larak yap\u0131lan s\u00fcsleme sanat\u0131 diye tan\u0131mlayabiliriz.\u00a0<\/p>\n\n\n\n<p>Tezhip yaln\u0131z alt\u0131n yald\u0131zla yap\u0131lan i\u015fleri ifade etmez, alt\u0131n\u0131n yan\u0131 s\u0131ra boya da kullan\u0131larak, sadece kitaplarda de\u011fil hat levhalar\u0131nda, fermanlarda hatta ah\u015fap ve deri \u00fczerinde geleneksel motiflerimizin uyguland\u0131\u011f\u0131 bir s\u00fcslemedir. Tezhip edilmi\u015f eserlere \u201cm\u00fczehheb\u201d, bu sanatla u\u011fra\u015fan ki\u015filere de \u201cm\u00fczehhib\u201d veya \u201cm\u00fczehhibe\u201d ad\u0131 verilir. El yazmalar\u0131nda zahriyeler, hatimeler, ilk sayfa ba\u015flar\u0131, ba\u015fl\u0131klar, sayfa kenarlar\u0131, sat\u0131r aralar\u0131, Kur\u2019anda sure, fas\u0131l ve secde ba\u015flar\u0131 (sure g\u00fcl\u00fc, secde g\u00fcl\u00fc, vak\u0131f g\u00fcl\u00fc, hizib g\u00fcl\u00fc, a\u015f\u0131r g\u00fcl\u00fc) vb tezhiplenir.<\/p>\n\n\n\n<p><br>Tezhipler, \u00e7o\u011fu zaman, devrin \u00fcslubuna g\u00f6re yap\u0131l\u0131rd\u0131. Bu tezhiplerde kullan\u0131lan s\u00fcslemelere bakarak Klasik Devri\u2019n, Lale Devri veya Barok Devri\u2019nin eserleri kolayca birbirinden ayr\u0131l\u0131r. Osmanl\u0131 \u0130mparatorlu\u011fu\u2019nun kurulu\u015f d\u00f6nemindeki s\u00fcrekli hareketlilik nedeniyle az say\u0131da tezhip \u00fcretilir ve \u00fcretilen tezhipler Sel\u00e7uklu D\u00f6nemi Tezhip Sanat\u0131 \u00f6zelliklerini devam ettirir. Tezhip sanat\u0131n\u0131n en renkli, olgun ve zevkli d\u00f6nemi diyebilece\u011fimiz d\u00f6nem Fatih Sultan Mehmet (1432-1481) d\u00f6nemidir.6 Bu d\u00f6nemde tezhip sanat\u0131na g\u00f6sterilen \u00f6zenin nedeni; sultana hediye edilen kitaplar\u0131n g\u00fczel olmas\u0131 ve ho\u015fa gitmesi i\u00e7in g\u00f6sterilen \u00e7abad\u0131r.<\/p>\n\n\n\n<div class=\"wp-block-columns alignwide are-vertically-aligned-center is-style-default\">\n<div class=\"wp-block-column is-vertically-aligned-center\">\n<figure class=\"wp-block-image alignfull size-full is-style-default\"><img loading=\"lazy\" width=\"720\" height=\"900\" src=\"http:\/\/www.serifetangurek.com\/wp-content\/uploads\/2022\/04\/0-659873380801-46a36277f060b703c4558e42d6d7aa84.jpg\" alt=\"\" class=\"wp-image-17\" srcset=\"http:\/\/www.serifetangurek.com\/wp-content\/uploads\/2022\/04\/0-659873380801-46a36277f060b703c4558e42d6d7aa84.jpg 720w, http:\/\/www.serifetangurek.com\/wp-content\/uploads\/2022\/04\/0-659873380801-46a36277f060b703c4558e42d6d7aa84-240x300.jpg 240w\" sizes=\"(max-width: 720px) 100vw, 720px\" \/><\/figure>\n\n\n\n<div style=\"height:100px\" aria-hidden=\"true\" class=\"wp-block-spacer\"><\/div>\n\n\n\n<figure class=\"wp-block-image alignfull size-full is-style-twentytwentyone-image-frame\"><img loading=\"lazy\" width=\"522\" height=\"774\" src=\"http:\/\/www.serifetangurek.com\/wp-content\/uploads\/2022\/04\/0-946328118659-06e9cae141f8da479bc5f28289f167ea.png\" alt=\"\" class=\"wp-image-62\" srcset=\"http:\/\/www.serifetangurek.com\/wp-content\/uploads\/2022\/04\/0-946328118659-06e9cae141f8da479bc5f28289f167ea.png 522w, http:\/\/www.serifetangurek.com\/wp-content\/uploads\/2022\/04\/0-946328118659-06e9cae141f8da479bc5f28289f167ea-202x300.png 202w\" sizes=\"(max-width: 522px) 100vw, 522px\" \/><\/figure>\n<\/div>\n\n\n\n<div class=\"wp-block-column is-vertically-aligned-center\">\n<div style=\"height:100px\" aria-hidden=\"true\" class=\"wp-block-spacer\"><\/div>\n\n\n\n<figure class=\"wp-block-image size-full alignfull is-style-twentytwentyone-border\"><img loading=\"lazy\" width=\"537\" height=\"768\" src=\"http:\/\/www.serifetangurek.com\/wp-content\/uploads\/2022\/04\/0-217833390250-66913efa63db6df044bb1c6a97b15c7d.jpg\" alt=\"\" class=\"wp-image-43\" srcset=\"http:\/\/www.serifetangurek.com\/wp-content\/uploads\/2022\/04\/0-217833390250-66913efa63db6df044bb1c6a97b15c7d.jpg 537w, http:\/\/www.serifetangurek.com\/wp-content\/uploads\/2022\/04\/0-217833390250-66913efa63db6df044bb1c6a97b15c7d-210x300.jpg 210w\" sizes=\"(max-width: 537px) 100vw, 537px\" \/><\/figure>\n<\/div>\n<\/div>\n\n\n\n<div class=\"wp-block-columns alignwide are-vertically-aligned-center is-style-twentytwentyone-columns-overlap\">\n<div class=\"wp-block-column is-vertically-aligned-center\">\n<figure class=\"wp-block-image alignfull size-full is-style-default\"><img loading=\"lazy\" width=\"816\" height=\"960\" src=\"http:\/\/www.serifetangurek.com\/wp-content\/uploads\/2022\/04\/0-998929483153-2495de87fa13991e6e262ec8918e1e3a.jpg\" alt=\"\" class=\"wp-image-72\" srcset=\"http:\/\/www.serifetangurek.com\/wp-content\/uploads\/2022\/04\/0-998929483153-2495de87fa13991e6e262ec8918e1e3a.jpg 816w, http:\/\/www.serifetangurek.com\/wp-content\/uploads\/2022\/04\/0-998929483153-2495de87fa13991e6e262ec8918e1e3a-255x300.jpg 255w, http:\/\/www.serifetangurek.com\/wp-content\/uploads\/2022\/04\/0-998929483153-2495de87fa13991e6e262ec8918e1e3a-768x904.jpg 768w\" sizes=\"(max-width: 816px) 100vw, 816px\" \/><\/figure>\n\n\n\n<div style=\"height:100px\" aria-hidden=\"true\" class=\"wp-block-spacer\"><\/div>\n\n\n\n<figure class=\"wp-block-image alignfull size-full is-style-twentytwentyone-image-frame\"><img loading=\"lazy\" width=\"1024\" height=\"578\" src=\"http:\/\/www.serifetangurek.com\/wp-content\/uploads\/2022\/04\/0-895938337344-0cd85542b57fd18484ba7673e6c91c97.jpg\" alt=\"\" class=\"wp-image-53\" srcset=\"http:\/\/www.serifetangurek.com\/wp-content\/uploads\/2022\/04\/0-895938337344-0cd85542b57fd18484ba7673e6c91c97.jpg 1024w, http:\/\/www.serifetangurek.com\/wp-content\/uploads\/2022\/04\/0-895938337344-0cd85542b57fd18484ba7673e6c91c97-300x169.jpg 300w, http:\/\/www.serifetangurek.com\/wp-content\/uploads\/2022\/04\/0-895938337344-0cd85542b57fd18484ba7673e6c91c97-768x434.jpg 768w\" sizes=\"(max-width: 1024px) 100vw, 1024px\" \/><\/figure>\n<\/div>\n\n\n\n<div class=\"wp-block-column is-vertically-aligned-center\">\n<div style=\"height:100px\" aria-hidden=\"true\" class=\"wp-block-spacer\"><\/div>\n\n\n\n<figure class=\"wp-block-image size-full alignfull is-style-twentytwentyone-border\"><img loading=\"lazy\" width=\"640\" height=\"640\" src=\"http:\/\/www.serifetangurek.com\/wp-content\/uploads\/2022\/04\/0-998929483153-40bc8fde47a4a29e70903f423a562ba4.jpg\" alt=\"\" class=\"wp-image-71\" srcset=\"http:\/\/www.serifetangurek.com\/wp-content\/uploads\/2022\/04\/0-998929483153-40bc8fde47a4a29e70903f423a562ba4.jpg 640w, http:\/\/www.serifetangurek.com\/wp-content\/uploads\/2022\/04\/0-998929483153-40bc8fde47a4a29e70903f423a562ba4-300x300.jpg 300w, http:\/\/www.serifetangurek.com\/wp-content\/uploads\/2022\/04\/0-998929483153-40bc8fde47a4a29e70903f423a562ba4-150x150.jpg 150w\" sizes=\"(max-width: 640px) 100vw, 640px\" \/><\/figure>\n<\/div>\n<\/div>\n\n\n\n<div class=\"wp-block-columns alignwide are-vertically-aligned-center is-style-twentytwentyone-columns-overlap\">\n<div class=\"wp-block-column is-vertically-aligned-center\">\n<figure class=\"wp-block-image alignfull size-full is-style-default\"><img loading=\"lazy\" width=\"678\" height=\"848\" src=\"http:\/\/www.serifetangurek.com\/wp-content\/uploads\/2022\/04\/0-659873380801-4452de9b637611c295da077e14cad2ed.jpg\" alt=\"\" class=\"wp-image-50\" srcset=\"http:\/\/www.serifetangurek.com\/wp-content\/uploads\/2022\/04\/0-659873380801-4452de9b637611c295da077e14cad2ed.jpg 678w, http:\/\/www.serifetangurek.com\/wp-content\/uploads\/2022\/04\/0-659873380801-4452de9b637611c295da077e14cad2ed-240x300.jpg 240w\" sizes=\"(max-width: 678px) 100vw, 678px\" \/><\/figure>\n\n\n\n<div style=\"height:100px\" aria-hidden=\"true\" class=\"wp-block-spacer\"><\/div>\n\n\n\n<figure class=\"wp-block-image alignfull size-full is-style-twentytwentyone-image-frame\"><img loading=\"lazy\" width=\"542\" height=\"768\" src=\"http:\/\/www.serifetangurek.com\/wp-content\/uploads\/2022\/04\/0-217833390250-788d2b73428e0eb73a6afa3ab0473f80.jpg\" alt=\"\" class=\"wp-image-42\" srcset=\"http:\/\/www.serifetangurek.com\/wp-content\/uploads\/2022\/04\/0-217833390250-788d2b73428e0eb73a6afa3ab0473f80.jpg 542w, http:\/\/www.serifetangurek.com\/wp-content\/uploads\/2022\/04\/0-217833390250-788d2b73428e0eb73a6afa3ab0473f80-212x300.jpg 212w\" sizes=\"(max-width: 542px) 100vw, 542px\" \/><\/figure>\n<\/div>\n\n\n\n<div class=\"wp-block-column is-vertically-aligned-center\">\n<div style=\"height:100px\" aria-hidden=\"true\" class=\"wp-block-spacer\"><\/div>\n\n\n\n<figure class=\"wp-block-image size-full alignfull is-style-twentytwentyone-border\"><img loading=\"lazy\" width=\"1021\" height=\"768\" src=\"http:\/\/www.serifetangurek.com\/wp-content\/uploads\/2022\/04\/0-895938337344-4a10ae1c52c5e14285c84476c240b1c4.jpg\" alt=\"\" class=\"wp-image-55\" srcset=\"http:\/\/www.serifetangurek.com\/wp-content\/uploads\/2022\/04\/0-895938337344-4a10ae1c52c5e14285c84476c240b1c4.jpg 1021w, http:\/\/www.serifetangurek.com\/wp-content\/uploads\/2022\/04\/0-895938337344-4a10ae1c52c5e14285c84476c240b1c4-300x226.jpg 300w, http:\/\/www.serifetangurek.com\/wp-content\/uploads\/2022\/04\/0-895938337344-4a10ae1c52c5e14285c84476c240b1c4-768x578.jpg 768w\" sizes=\"(max-width: 1021px) 100vw, 1021px\" \/><\/figure>\n<\/div>\n<\/div>\n\n\n\n<div class=\"wp-block-columns alignwide are-vertically-aligned-center is-style-twentytwentyone-columns-overlap\">\n<div class=\"wp-block-column is-vertically-aligned-center\">\n<figure class=\"wp-block-image alignfull size-large is-style-default\"><img loading=\"lazy\" width=\"729\" height=\"1024\" src=\"http:\/\/www.serifetangurek.com\/wp-content\/uploads\/2022\/06\/26b27fa9-9f4d-47db-99b1-b2323bd87418-729x1024.jpg\" alt=\"\" class=\"wp-image-104\" srcset=\"http:\/\/www.serifetangurek.com\/wp-content\/uploads\/2022\/06\/26b27fa9-9f4d-47db-99b1-b2323bd87418-729x1024.jpg 729w, http:\/\/www.serifetangurek.com\/wp-content\/uploads\/2022\/06\/26b27fa9-9f4d-47db-99b1-b2323bd87418-214x300.jpg 214w, http:\/\/www.serifetangurek.com\/wp-content\/uploads\/2022\/06\/26b27fa9-9f4d-47db-99b1-b2323bd87418-768x1078.jpg 768w, http:\/\/www.serifetangurek.com\/wp-content\/uploads\/2022\/06\/26b27fa9-9f4d-47db-99b1-b2323bd87418.jpg 1080w\" sizes=\"(max-width: 729px) 100vw, 729px\" \/><\/figure>\n\n\n\n<div style=\"height:100px\" aria-hidden=\"true\" class=\"wp-block-spacer\"><\/div>\n\n\n\n<figure class=\"wp-block-image alignfull size-large is-style-twentytwentyone-image-frame\"><img loading=\"lazy\" width=\"649\" height=\"1024\" src=\"http:\/\/www.serifetangurek.com\/wp-content\/uploads\/2022\/06\/a6e2ed5d-5588-47c3-9f07-621d6b03b4c1-649x1024.jpg\" alt=\"\" class=\"wp-image-106\" srcset=\"http:\/\/www.serifetangurek.com\/wp-content\/uploads\/2022\/06\/a6e2ed5d-5588-47c3-9f07-621d6b03b4c1-649x1024.jpg 649w, http:\/\/www.serifetangurek.com\/wp-content\/uploads\/2022\/06\/a6e2ed5d-5588-47c3-9f07-621d6b03b4c1-190x300.jpg 190w, http:\/\/www.serifetangurek.com\/wp-content\/uploads\/2022\/06\/a6e2ed5d-5588-47c3-9f07-621d6b03b4c1-768x1211.jpg 768w, http:\/\/www.serifetangurek.com\/wp-content\/uploads\/2022\/06\/a6e2ed5d-5588-47c3-9f07-621d6b03b4c1-974x1536.jpg 974w, http:\/\/www.serifetangurek.com\/wp-content\/uploads\/2022\/06\/a6e2ed5d-5588-47c3-9f07-621d6b03b4c1.jpg 1014w\" sizes=\"(max-width: 649px) 100vw, 649px\" \/><\/figure>\n<\/div>\n\n\n\n<div class=\"wp-block-column is-vertically-aligned-center\">\n<div style=\"height:100px\" aria-hidden=\"true\" class=\"wp-block-spacer\"><\/div>\n\n\n\n<figure class=\"wp-block-image size-large alignfull size-full is-style-twentytwentyone-border\"><img loading=\"lazy\" width=\"825\" height=\"1024\" src=\"http:\/\/www.serifetangurek.com\/wp-content\/uploads\/2022\/06\/41bb61b4-dc86-4753-a631-393103f565c9-825x1024.jpg\" alt=\"\" class=\"wp-image-105\" srcset=\"http:\/\/www.serifetangurek.com\/wp-content\/uploads\/2022\/06\/41bb61b4-dc86-4753-a631-393103f565c9-825x1024.jpg 825w, http:\/\/www.serifetangurek.com\/wp-content\/uploads\/2022\/06\/41bb61b4-dc86-4753-a631-393103f565c9-242x300.jpg 242w, http:\/\/www.serifetangurek.com\/wp-content\/uploads\/2022\/06\/41bb61b4-dc86-4753-a631-393103f565c9-768x954.jpg 768w, http:\/\/www.serifetangurek.com\/wp-content\/uploads\/2022\/06\/41bb61b4-dc86-4753-a631-393103f565c9.jpg 1079w\" sizes=\"(max-width: 825px) 100vw, 825px\" \/><\/figure>\n<\/div>\n<\/div>\n\n\n\n<div class=\"wp-block-columns alignwide are-vertically-aligned-center is-style-twentytwentyone-columns-overlap\">\n<div class=\"wp-block-column is-vertically-aligned-center\">\n<figure class=\"wp-block-image alignfull size-large is-style-default\"><img loading=\"lazy\" width=\"833\" height=\"1024\" src=\"http:\/\/www.serifetangurek.com\/wp-content\/uploads\/2022\/06\/5ec521c8-174d-40b3-a6c1-423fba466765-833x1024.jpg\" alt=\"\" class=\"wp-image-107\" srcset=\"http:\/\/www.serifetangurek.com\/wp-content\/uploads\/2022\/06\/5ec521c8-174d-40b3-a6c1-423fba466765-833x1024.jpg 833w, http:\/\/www.serifetangurek.com\/wp-content\/uploads\/2022\/06\/5ec521c8-174d-40b3-a6c1-423fba466765-244x300.jpg 244w, http:\/\/www.serifetangurek.com\/wp-content\/uploads\/2022\/06\/5ec521c8-174d-40b3-a6c1-423fba466765-768x944.jpg 768w, http:\/\/www.serifetangurek.com\/wp-content\/uploads\/2022\/06\/5ec521c8-174d-40b3-a6c1-423fba466765.jpg 1075w\" sizes=\"(max-width: 833px) 100vw, 833px\" \/><\/figure>\n\n\n\n<div style=\"height:100px\" aria-hidden=\"true\" class=\"wp-block-spacer\"><\/div>\n\n\n\n<figure class=\"wp-block-image alignfull size-large is-style-twentytwentyone-image-frame\"><img loading=\"lazy\" width=\"1024\" height=\"742\" src=\"http:\/\/www.serifetangurek.com\/wp-content\/uploads\/2022\/06\/b5c57d3a-3485-4f10-a04a-4830cc2d59e7-1024x742.jpg\" alt=\"\" class=\"wp-image-111\" srcset=\"http:\/\/www.serifetangurek.com\/wp-content\/uploads\/2022\/06\/b5c57d3a-3485-4f10-a04a-4830cc2d59e7-1024x742.jpg 1024w, http:\/\/www.serifetangurek.com\/wp-content\/uploads\/2022\/06\/b5c57d3a-3485-4f10-a04a-4830cc2d59e7-300x218.jpg 300w, http:\/\/www.serifetangurek.com\/wp-content\/uploads\/2022\/06\/b5c57d3a-3485-4f10-a04a-4830cc2d59e7-768x557.jpg 768w, http:\/\/www.serifetangurek.com\/wp-content\/uploads\/2022\/06\/b5c57d3a-3485-4f10-a04a-4830cc2d59e7.jpg 1080w\" sizes=\"(max-width: 1024px) 100vw, 1024px\" \/><\/figure>\n<\/div>\n\n\n\n<div class=\"wp-block-column is-vertically-aligned-center\">\n<div style=\"height:100px\" aria-hidden=\"true\" class=\"wp-block-spacer\"><\/div>\n\n\n\n<figure class=\"wp-block-image size-large alignfull size-full is-style-twentytwentyone-border\"><img loading=\"lazy\" width=\"1024\" height=\"1014\" src=\"http:\/\/www.serifetangurek.com\/wp-content\/uploads\/2022\/06\/f4eec3dd-b352-467d-8784-28e1b3213bfc-1024x1014.jpg\" alt=\"\" class=\"wp-image-109\" srcset=\"http:\/\/www.serifetangurek.com\/wp-content\/uploads\/2022\/06\/f4eec3dd-b352-467d-8784-28e1b3213bfc-1024x1014.jpg 1024w, http:\/\/www.serifetangurek.com\/wp-content\/uploads\/2022\/06\/f4eec3dd-b352-467d-8784-28e1b3213bfc-300x297.jpg 300w, http:\/\/www.serifetangurek.com\/wp-content\/uploads\/2022\/06\/f4eec3dd-b352-467d-8784-28e1b3213bfc-150x150.jpg 150w, http:\/\/www.serifetangurek.com\/wp-content\/uploads\/2022\/06\/f4eec3dd-b352-467d-8784-28e1b3213bfc-768x760.jpg 768w, http:\/\/www.serifetangurek.com\/wp-content\/uploads\/2022\/06\/f4eec3dd-b352-467d-8784-28e1b3213bfc.jpg 1080w\" sizes=\"(max-width: 1024px) 100vw, 1024px\" \/><\/figure>\n<\/div>\n<\/div>\n\n\n\n<div class=\"wp-block-columns alignwide are-vertically-aligned-center is-style-twentytwentyone-columns-overlap\">\n<div class=\"wp-block-column is-vertically-aligned-center\">\n<figure class=\"wp-block-image alignfull size-large is-style-default\"><img loading=\"lazy\" width=\"1024\" height=\"986\" src=\"http:\/\/www.serifetangurek.com\/wp-content\/uploads\/2022\/06\/f297a618-7f3c-4169-9d4c-16983d556bf5-1024x986.jpg\" alt=\"\" class=\"wp-image-112\" srcset=\"http:\/\/www.serifetangurek.com\/wp-content\/uploads\/2022\/06\/f297a618-7f3c-4169-9d4c-16983d556bf5-1024x986.jpg 1024w, http:\/\/www.serifetangurek.com\/wp-content\/uploads\/2022\/06\/f297a618-7f3c-4169-9d4c-16983d556bf5-300x289.jpg 300w, http:\/\/www.serifetangurek.com\/wp-content\/uploads\/2022\/06\/f297a618-7f3c-4169-9d4c-16983d556bf5-768x740.jpg 768w, http:\/\/www.serifetangurek.com\/wp-content\/uploads\/2022\/06\/f297a618-7f3c-4169-9d4c-16983d556bf5.jpg 1080w\" sizes=\"(max-width: 1024px) 100vw, 1024px\" \/><\/figure>\n\n\n\n<div style=\"height:100px\" aria-hidden=\"true\" class=\"wp-block-spacer\"><\/div>\n\n\n\n<figure class=\"wp-block-image alignfull size-large is-style-twentytwentyone-image-frame\"><img loading=\"lazy\" width=\"666\" height=\"1024\" src=\"http:\/\/www.serifetangurek.com\/wp-content\/uploads\/2022\/06\/39e6c072-02f7-4744-a9d0-2b9740bf0b6a-666x1024.jpg\" alt=\"\" class=\"wp-image-115\" srcset=\"http:\/\/www.serifetangurek.com\/wp-content\/uploads\/2022\/06\/39e6c072-02f7-4744-a9d0-2b9740bf0b6a-666x1024.jpg 666w, http:\/\/www.serifetangurek.com\/wp-content\/uploads\/2022\/06\/39e6c072-02f7-4744-a9d0-2b9740bf0b6a-195x300.jpg 195w, http:\/\/www.serifetangurek.com\/wp-content\/uploads\/2022\/06\/39e6c072-02f7-4744-a9d0-2b9740bf0b6a-768x1181.jpg 768w, http:\/\/www.serifetangurek.com\/wp-content\/uploads\/2022\/06\/39e6c072-02f7-4744-a9d0-2b9740bf0b6a.jpg 849w\" sizes=\"(max-width: 666px) 100vw, 666px\" \/><\/figure>\n<\/div>\n\n\n\n<div class=\"wp-block-column is-vertically-aligned-center\">\n<div style=\"height:100px\" aria-hidden=\"true\" class=\"wp-block-spacer\"><\/div>\n\n\n\n<figure class=\"wp-block-image size-large alignfull size-full is-style-twentytwentyone-border\"><img loading=\"lazy\" width=\"641\" height=\"1024\" src=\"http:\/\/www.serifetangurek.com\/wp-content\/uploads\/2022\/06\/f54818f1-e19c-48b1-9088-04e70b0cde7f-641x1024.jpg\" alt=\"\" class=\"wp-image-113\" srcset=\"http:\/\/www.serifetangurek.com\/wp-content\/uploads\/2022\/06\/f54818f1-e19c-48b1-9088-04e70b0cde7f-641x1024.jpg 641w, http:\/\/www.serifetangurek.com\/wp-content\/uploads\/2022\/06\/f54818f1-e19c-48b1-9088-04e70b0cde7f-188x300.jpg 188w, http:\/\/www.serifetangurek.com\/wp-content\/uploads\/2022\/06\/f54818f1-e19c-48b1-9088-04e70b0cde7f-768x1226.jpg 768w, http:\/\/www.serifetangurek.com\/wp-content\/uploads\/2022\/06\/f54818f1-e19c-48b1-9088-04e70b0cde7f-962x1536.jpg 962w, http:\/\/www.serifetangurek.com\/wp-content\/uploads\/2022\/06\/f54818f1-e19c-48b1-9088-04e70b0cde7f.jpg 1002w\" sizes=\"(max-width: 641px) 100vw, 641px\" \/><\/figure>\n<\/div>\n<\/div>\n\n\n\n<p><\/p>\n","protected":false},"excerpt":{"rendered":"<p>Tezhip Sanat\u0131 Tezhip; kendisi gibi kitap sanatlar\u0131ndan olan h\u00fcsn-i hat ve cilt sanatlar\u0131n\u0131 tamamlayarak onlara uyum ve g\u00fczellik kazand\u0131ran, bu sanatlarla kitaba nak\u0131\u015f ve renk harmonisi katan eski ve k\u00f6kl\u00fc geleneksel bir sanatt\u0131r. Tezhip s\u00f6zc\u00fc\u011f\u00fc Arap\u00e7a \u201czeheb\u201d yani alt\u0131n anlam\u0131na gelir ve her t\u00fcrl\u00fc boya ile yap\u0131lan ince kitap s\u00fcslemelerini kapsar. T\u00fcrk Tezhip Sanat\u0131\u2019n\u0131, alt\u0131n&hellip; <a class=\"more-link\" href=\"http:\/\/www.serifetangurek.com\/\">Okumaya devam et <span class=\"screen-reader-text\">\u00c7al\u0131\u015fmalar\u0131m<\/span><\/a><\/p>\n","protected":false},"author":1,"featured_media":0,"parent":0,"menu_order":0,"comment_status":"closed","ping_status":"closed","template":"","meta":[],"_links":{"self":[{"href":"http:\/\/www.serifetangurek.com\/index.php?rest_route=\/wp\/v2\/pages\/11"}],"collection":[{"href":"http:\/\/www.serifetangurek.com\/index.php?rest_route=\/wp\/v2\/pages"}],"about":[{"href":"http:\/\/www.serifetangurek.com\/index.php?rest_route=\/wp\/v2\/types\/page"}],"author":[{"embeddable":true,"href":"http:\/\/www.serifetangurek.com\/index.php?rest_route=\/wp\/v2\/users\/1"}],"replies":[{"embeddable":true,"href":"http:\/\/www.serifetangurek.com\/index.php?rest_route=%2Fwp%2Fv2%2Fcomments&post=11"}],"version-history":[{"count":9,"href":"http:\/\/www.serifetangurek.com\/index.php?rest_route=\/wp\/v2\/pages\/11\/revisions"}],"predecessor-version":[{"id":121,"href":"http:\/\/www.serifetangurek.com\/index.php?rest_route=\/wp\/v2\/pages\/11\/revisions\/121"}],"wp:attachment":[{"href":"http:\/\/www.serifetangurek.com\/index.php?rest_route=%2Fwp%2Fv2%2Fmedia&parent=11"}],"curies":[{"name":"wp","href":"https:\/\/api.w.org\/{rel}","templated":true}]}}